{"id":23,"date":"2020-08-07T12:22:08","date_gmt":"2020-08-07T10:22:08","guid":{"rendered":"https:\/\/repod-info.ocean.icm.edu.pl\/?page_id=23"},"modified":"2024-06-28T11:44:58","modified_gmt":"2024-06-28T09:44:58","slug":"o-repod","status":"publish","type":"page","link":"https:\/\/info.repod.icm.edu.pl\/","title":{"rendered":"O RepOD"},"content":{"rendered":"\n<div class=\"wp-block-group\"><div class=\"wp-block-group__inner-container is-layout-flow wp-block-group-is-layout-flow\"><\/div><\/div>\n\n\n\n<p>Repozytorium Otwartych Danych Badawczych RepOD dzia\u0142a od 2015 roku. Prowadzone jest przez zesp\u00f3\u0142 Platformy Otwartej Nauki Interdyscyplinarnego Centrum Modelowania Matematycznego i Komputerowego Uniwersytetu Warszawskiego.<\/p>\n\n\n\n<p>RepOD jest pierwszym polskim repozytorium otwartych danych badawczych, powsta\u0142ym z my\u015bl\u0105 o wszystkich naukowcach i instytucjach zainteresowanych udost\u0119pnieniem swoich zasob\u00f3w. <\/p>\n\n\n\n<p>Ka\u017cdy zdeponowany w nim zbi\u00f3r danych opatrzony zostaje numerem DOI. Korzystanie z repozytorium nie wi\u0105\u017ce si\u0119 z \u017cadnymi op\u0142atami dla u\u017cytkownika ko\u0144cowego.  <\/p>\n\n\n\n<p>Liczne materia\u0142y informacyjne i edukacyjne po\u015bwi\u0119cone zarz\u0105dzaniu danymi badawczymi znale\u017a\u0107 mo\u017cna w serwisie Platformy Otwartej Nauki ICM UW na stronie <a rel=\"noreferrer noopener\" href=\"http:\/\/pon.edu.pl\/dane\" target=\"_blank\">https:\/\/pon.edu.pl\/dane.<\/a><\/p>\n\n\n\n<p>Od po\u0142owy 2020 roku repozytorium dzia\u0142a w oparciu o zmodyfikowane oprogramowanie Dataverse, opracowane w ramach projektu <a rel=\"noreferrer noopener\" href=\"https:\/\/drodb.icm.edu.pl\" target=\"_blank\">Dziedzinowe Repozytoria Otwartych Danych Badawczych<\/a>.<\/p>\n\n\n\n<\/br>\n<div class=\"search-widget-container\">\n<script src=\"https:\/\/repod.icm.edu.pl\/resources\/js\/widgets.js?alias=repod&amp;dvUrl=https:\/\/repod.icm.edu.pl&amp;widget=search&amp;text=Szukaj+w+RepOD\"><\/script>\n<\/div>\n","protected":false},"excerpt":{"rendered":"<p>Repozytorium Otwartych Danych Badawczych RepOD dzia\u0142a od 2015 roku. Prowadzone jest przez zesp\u00f3\u0142 Platformy Otwartej Nauki Interdyscyplinarnego Centrum Modelowania Matematycznego i Komputerowego Uniwersytetu Warszawskiego. RepOD jest pierwszym polskim repozytorium otwartych danych badawczych, powsta\u0142ym z my\u015bl\u0105 o wszystkich naukowcach i instytucjach zainteresowanych udost\u0119pnieniem swoich zasob\u00f3w. Ka\u017cdy zdeponowany w nim zbi\u00f3r danych opatrzony zostaje numerem DOI. Korzystanie &hellip; <\/p>\n<p class=\"link-more\"><a href=\"https:\/\/info.repod.icm.edu.pl\/\" class=\"more-link\">Czytaj dalej<span class=\"screen-reader-text\"> \u201eO RepOD\u201d<\/span><\/a><\/p>\n","protected":false},"author":2,"featured_media":0,"parent":0,"menu_order":0,"comment_status":"closed","ping_status":"closed","template":"","meta":{"footnotes":""},"_links":{"self":[{"href":"https:\/\/info.repod.icm.edu.pl\/index.php?rest_route=\/wp\/v2\/pages\/23"}],"collection":[{"href":"https:\/\/info.repod.icm.edu.pl\/index.php?rest_route=\/wp\/v2\/pages"}],"about":[{"href":"https:\/\/info.repod.icm.edu.pl\/index.php?rest_route=\/wp\/v2\/types\/page"}],"author":[{"embeddable":true,"href":"https:\/\/info.repod.icm.edu.pl\/index.php?rest_route=\/wp\/v2\/users\/2"}],"replies":[{"embeddable":true,"href":"https:\/\/info.repod.icm.edu.pl\/index.php?rest_route=%2Fwp%2Fv2%2Fcomments&post=23"}],"version-history":[{"count":44,"href":"https:\/\/info.repod.icm.edu.pl\/index.php?rest_route=\/wp\/v2\/pages\/23\/revisions"}],"predecessor-version":[{"id":517,"href":"https:\/\/info.repod.icm.edu.pl\/index.php?rest_route=\/wp\/v2\/pages\/23\/revisions\/517"}],"wp:attachment":[{"href":"https:\/\/info.repod.icm.edu.pl\/index.php?rest_route=%2Fwp%2Fv2%2Fmedia&parent=23"}],"curies":[{"name":"wp","href":"https:\/\/api.w.org\/{rel}","templated":true}]}}