{"id":3,"date":"2020-03-16T12:04:04","date_gmt":"2020-03-16T11:04:04","guid":{"rendered":"https:\/\/repod-info.ocean.icm.edu.pl\/?page_id=3"},"modified":"2021-10-08T12:46:45","modified_gmt":"2021-10-08T10:46:45","slug":"polityka-prywatnosci","status":"publish","type":"page","link":"https:\/\/info.repod.icm.edu.pl\/?page_id=3","title":{"rendered":"Polityka prywatno\u015bci"},"content":{"rendered":"\n<h2 class=\"has-text-align-center wp-block-heading\"><strong>KLAUZULA INFORMACYJNA<\/strong><\/h2>\n\n\n\n<ol><li>Administratorem Pa\u0144stwa danych osobowych jest Uniwersytet Warszawski z siedzib\u0105 przy ul. Krakowskie Przedmie\u015bcie 26\/28, 00-927 Warszawa;<\/li><li>Administrator wyznaczy\u0142 Inspektora Ochrony Danych nadzoruj\u0105cego prawid\u0142owo\u015b\u0107 przetwarzania danych osobowych, z kt\u00f3rym mo\u017cna skontaktowa\u0107 si\u0119 za po\u015brednictwem adresu e-mail: iod@adm.uw.edu.pl;<\/li><li>Pa\u0144stwa dane osobowe b\u0119d\u0105 przetwarzane w celu nawi\u0105zania kontaktu z serwisem repod.icm.edu.pl\/info i prowadzenia dalszej korespondencji lub w celu organizacji szkole\u0144\/konferencji;<\/li><li>Podane dane b\u0119d\u0105 przetwarzane na podstawie art. 6 ust. 1 lit. a) Rozporz\u0105dzenia Parlamentu Europejskiego i Rady (UE) 2016\/679 z dnia 27 kwietnia 2016 r. w sprawie ochrony os\u00f3b fizycznych w zwi\u0105zku z przetwarzaniem danych osobowych i w sprawie swobodnego przep\u0142ywu takich danych oraz uchylenia dyrektywy 95\/46\/WE (og\u00f3lne rozporz\u0105dzenie o ochronie danych);<\/li><li>Podanie danych jest dobrowolne, jednak konieczne do realizacji cel\u00f3w do jakich zosta\u0142y zebrane;<\/li><li>Dane nie b\u0119d\u0105 udost\u0119pniane podmiotom zewn\u0119trznym z wyj\u0105tkiem przypadk\u00f3w przewidzianych przepisami prawa;<\/li><li>Dane przechowywane b\u0119d\u0105 do odwo\u0142ania zgody;<\/li><li>Posiadaj\u0105 Pa\u0144stwo prawo dost\u0119pu do tre\u015bci swoich danych oraz prawo ich sprostowania, usuni\u0119cia, ograniczenia przetwarzania, prawo do przenoszenia danych, prawo do wniesienia sprzeciwu, prawo do cofni\u0119cia zgody w dowolnym momencie;<\/li><li>Maj\u0105 Pa\u0144stwo prawo do wniesienia skargi do Prezesa Urz\u0119du Ochrony Danych Osobowych;<\/li><li>Pa\u0144stwa dane nie b\u0119d\u0105 przetwarzane w spos\u00f3b zautomatyzowany i nie b\u0119d\u0105 poddawane profilowaniu.<\/li><li>Dodatkowe pytania oraz odwo\u0142ania zgody na przetwarzanie danych osobowych nale\u017cy kierowa\u0107 na adres: drodb-strona@icm.edu.pl lub odo@icm.edu.pl.<\/li><\/ol>\n\n\n\n<h2 class=\"has-text-align-center wp-block-heading\"><strong>CIASTECZKA<\/strong><\/h2>\n\n\n\n<p>Witryna informacyjna RepOD prowadzona przez ICM UW u\u017cywa ciasteczek. Niekt\u00f3re z nich s\u0105 niezb\u0119dne do prawid\u0142owego funkcjonowania serwisu, inne maj\u0105 za zadanie u\u0142atwi\u0107 naszym u\u017cytkownikom korzystanie z niego b\u0105d\u017a s\u0105 stosowane w celu gromadzenia informacji statystycznych o odwiedzaj\u0105cych.<\/p>\n\n\n\n<h3 class=\"has-text-align-center wp-block-heading\"><strong>Czym s\u0105 ciasteczka?<\/strong><\/h3>\n\n\n\n<p><\/p>\n\n\n\n<p><br><a rel=\"noreferrer noopener\" href=\"http:\/\/wszystkoociasteczkach.pl\/\" target=\"_blank\">https:\/\/wszystkoociasteczkach.pl\/ <span class=\"screen-reader-text\">(otwierane w nowej zak\u0142adce)<\/span><\/a><\/p>\n\n\n\n<p><br>Mechanizm ciasteczek nie jest wykorzystywany do pozyskiwania jakichkolwiek informacji identyfikuj\u0105cych u\u017cytkownik\u00f3w naszego serwisu ani \u015bledzenia ich aktywno\u015bci w sieci. Ciasteczka stosowane w serwisie ICM UW nie przechowuj\u0105 \u017cadnych danych osobowych u\u017cytkownik\u00f3w.<\/p>\n\n\n\n<p>Ciasteczka wykorzystywane s\u0105 w celu:<\/p>\n\n\n\n<ul><li>dostosowania zawarto\u015bci stron internetowych naszych serwis\u00f3w do preferencji u\u017cytkownika oraz optymalizacji korzystania ze stron internetowych; w szczeg\u00f3lno\u015bci pliki te pozwalaj\u0105 rozpozna\u0107 urz\u0105dzenie u\u017cytkownika serwisu i odpowiednio wy\u015bwietli\u0107 stron\u0119 internetow\u0105, dostosowan\u0105 do jego indywidualnych potrzeb;<\/li><li>tworzenia statystyk, kt\u00f3re pomagaj\u0105 zrozumie\u0107, w jaki spos\u00f3b u\u017cytkownicy serwisu korzystaj\u0105 ze stron internetowych, co umo\u017cliwia ulepszanie ich struktury i zawarto\u015bci.<\/li><\/ul>\n\n\n\n<p>Ciasteczka mo\u017cna zablokowa\u0107 zmieniaj\u0105c ustawienia swojej przegl\u0105darki internetowej. Mo\u017cna tak zmieni\u0107 ustawienia przegl\u0105darki, aby otrzymywa\u0107 powiadomienie przed ka\u017cd\u0105 pr\u00f3b\u0105 umieszczenia ciasteczka. Mo\u017cna r\u00f3wnie\u017c zmieni\u0107 ustawienia w taki spos\u00f3b, \u017ce przegl\u0105darka odrzuca wszystkie ciasteczka lub tylko niekt\u00f3re z nich. Brak odpowiednich zmian tych ustawie\u0144 oznacza akceptacj\u0119 dla stosowanych ciasteczek w niniejszym serwisie. Wy\u0142\u0105czenie stosowania ciasteczek mo\u017ce spowodowa\u0107 utrudnienia w korzystaniu z niekt\u00f3rych funkcjonalno\u015bci naszego serwisu.<\/p>\n","protected":false},"excerpt":{"rendered":"<p>KLAUZULA INFORMACYJNA Administratorem Pa\u0144stwa danych osobowych jest Uniwersytet Warszawski z siedzib\u0105 przy ul. Krakowskie Przedmie\u015bcie 26\/28, 00-927 Warszawa; Administrator wyznaczy\u0142 Inspektora Ochrony Danych nadzoruj\u0105cego prawid\u0142owo\u015b\u0107 przetwarzania danych osobowych, z kt\u00f3rym mo\u017cna skontaktowa\u0107 si\u0119 za po\u015brednictwem adresu e-mail: iod@adm.uw.edu.pl; Pa\u0144stwa dane osobowe b\u0119d\u0105 przetwarzane w celu nawi\u0105zania kontaktu z serwisem repod.icm.edu.pl\/info i prowadzenia dalszej korespondencji lub &hellip; <\/p>\n<p class=\"link-more\"><a href=\"https:\/\/info.repod.icm.edu.pl\/?page_id=3\" class=\"more-link\">Czytaj dalej<span class=\"screen-reader-text\"> \u201ePolityka prywatno\u015bci\u201d<\/span><\/a><\/p>\n","protected":false},"author":1,"featured_media":0,"parent":0,"menu_order":0,"comment_status":"closed","ping_status":"open","template":"","meta":{"footnotes":""},"_links":{"self":[{"href":"https:\/\/info.repod.icm.edu.pl\/index.php?rest_route=\/wp\/v2\/pages\/3"}],"collection":[{"href":"https:\/\/info.repod.icm.edu.pl\/index.php?rest_route=\/wp\/v2\/pages"}],"about":[{"href":"https:\/\/info.repod.icm.edu.pl\/index.php?rest_route=\/wp\/v2\/types\/page"}],"author":[{"embeddable":true,"href":"https:\/\/info.repod.icm.edu.pl\/index.php?rest_route=\/wp\/v2\/users\/1"}],"replies":[{"embeddable":true,"href":"https:\/\/info.repod.icm.edu.pl\/index.php?rest_route=%2Fwp%2Fv2%2Fcomments&post=3"}],"version-history":[{"count":5,"href":"https:\/\/info.repod.icm.edu.pl\/index.php?rest_route=\/wp\/v2\/pages\/3\/revisions"}],"predecessor-version":[{"id":419,"href":"https:\/\/info.repod.icm.edu.pl\/index.php?rest_route=\/wp\/v2\/pages\/3\/revisions\/419"}],"wp:attachment":[{"href":"https:\/\/info.repod.icm.edu.pl\/index.php?rest_route=%2Fwp%2Fv2%2Fmedia&parent=3"}],"curies":[{"name":"wp","href":"https:\/\/api.w.org\/{rel}","templated":true}]}}