{"id":429,"date":"2022-09-09T11:11:19","date_gmt":"2022-09-09T09:11:19","guid":{"rendered":"https:\/\/repod-info.ocean.icm.edu.pl\/?page_id=429"},"modified":"2026-04-07T11:11:16","modified_gmt":"2026-04-07T09:11:16","slug":"kolekcje-instytucjonalne","status":"publish","type":"page","link":"https:\/\/info.repod.icm.edu.pl\/?page_id=429","title":{"rendered":"Kolekcje instytucjonalne"},"content":{"rendered":"\n<p>Zapraszamy instytucje naukowe do tworzenia kolekcji w Repozytorium Otwartych Danych prowadzonym przez Interdyscyplinarne Centrum Modelowania Matematycznego i Komputerowego Uniwersytetu Warszawskiego (ICM UW).<\/p>\n\n\n\n<p>Rozwi\u0105zanie to umo\u017cliwia gromadzenie w jednym miejscu danych badawczych wytwarzanych w ramach bada\u0144 naukowych prowadzonych w danej instytucji oraz udost\u0119pnianie ich zgodnie ze \u015bwiatowymi standardami, mi\u0119dzy innymi zasadami FAIR. Instytucja sprawuje nadz\u00f3r merytoryczny nad swoj\u0105 kolekcj\u0105, wsp\u00f3\u0142pracuj\u0105c przy jej prowadzeniu z ICM UW.&nbsp;<\/p>\n\n\n\n<h2 class=\"wp-block-heading\"><strong>Jak za\u0142o\u017cy\u0107 kolekcj\u0119?<\/strong><\/h2>\n\n\n\n<p>Zar\u00f3wno za\u0142o\u017cenie, jak i prowadzenie kolekcji jest bezp\u0142atne. Podstaw\u0105 wsp\u00f3\u0142pracy jest porozumienie zawierane pomi\u0119dzy ICM UW a zainteresowan\u0105 instytucj\u0105. Wi\u0119cej informacji o zasadach wsp\u00f3\u0142pracy mo\u017cna uzyska\u0107 drog\u0105 mailow\u0105: <a href=\"mailto:repod@pon.edu.pl\">repod@icm.edu.pl<\/a><\/p>\n\n\n\n<h2 class=\"wp-block-heading\"><strong>Jakie instytucje korzystaj\u0105 z tego rozwi\u0105zania?<\/strong><\/h2>\n\n\n\n<p>Utworzone kolekcje widoczne s\u0105 na g\u0142\u00f3wnej stronie Repozytorium, gdzie zamieszczono logotypy instytucji b\u0119d\u0105ce odno\u015bnikami do odpowiednich kolekcji.<\/p>\n\n\n\n<ol>\n<li>Uniwersytet Miko\u0142aja Kopernika w Toruniu, <a href=\"https:\/\/repod.icm.edu.pl\/dataverse\/umk\" target=\"_blank\" rel=\"noreferrer noopener\">https:\/\/repod.icm.edu.pl\/dataverse\/umk<\/a>&nbsp;<\/li>\n\n\n\n<li>Uniwersytet Szczeci\u0144ski, <a href=\"https:\/\/repod.icm.edu.pl\/dataverse\/usz\" target=\"_blank\" rel=\"noreferrer noopener\">https:\/\/repod.icm.edu.pl\/dataverse\/usz<\/a>&nbsp;<\/li>\n\n\n\n<li>Uniwersytet Przyrodniczy w Poznaniu, <a href=\"https:\/\/repod.icm.edu.pl\/dataverse\/UPP\" target=\"_blank\" rel=\"noreferrer noopener\">https:\/\/repod.icm.edu.pl\/dataverse\/UPP<\/a>&nbsp;<\/li>\n\n\n\n<li>Instytut Chemii Fizycznej Polskiej Akademii Nauk, <a href=\"https:\/\/repod.icm.edu.pl\/dataverse\/ichf\" target=\"_blank\" rel=\"noreferrer noopener\">https:\/\/repod.icm.edu.pl\/dataverse\/ichf<\/a>&nbsp;<\/li>\n\n\n\n<li>Wojskowa Akademia Techniczna, <a rel=\"noreferrer noopener\" href=\"https:\/\/repod.icm.edu.pl\/dataverse\/wat\" target=\"_blank\">https:\/\/repod.icm.edu.pl\/dataverse\/wat<\/a><\/li>\n\n\n\n<li>Uniwersytet Ekonomiczny we Wroc\u0142awiu, <a href=\"https:\/\/repod.icm.edu.pl\/dataverse\/uew\" target=\"_blank\" rel=\"noreferrer noopener\">https:\/\/repod.icm.edu.pl\/dataverse\/uew<\/a>&nbsp;<\/li>\n\n\n\n<li>Politechnika Lubelska, <a rel=\"noreferrer noopener\" href=\"https:\/\/repod.icm.edu.pl\/dataverse\/pollub\" target=\"_blank\">https:\/\/repod.icm.edu.pl\/dataverse\/pollub<\/a>&nbsp;<\/li>\n\n\n\n<li>Centrum Materia\u0142\u00f3w Polimerowych i W\u0119glowych Polskiej Akademii Nauk, <a rel=\"noreferrer noopener\" href=\"https:\/\/repod.icm.edu.pl\/dataverse\/cmpw\" target=\"_blank\">https:\/\/repod.icm.edu.pl\/dataverse\/cmpw<\/a>&nbsp;<\/li>\n\n\n\n<li>Akademia Sztuki Wojennej, <a rel=\"noreferrer noopener\" href=\"https:\/\/repod.icm.edu.pl\/dataverse\/aszwoj\" target=\"_blank\">https:\/\/repod.icm.edu.pl\/dataverse\/aszwoj<\/a>&nbsp;<\/li>\n\n\n\n<li>Instytut Bada\u0144 Systemowych Polskiej Akademii Nauk,&nbsp; <a rel=\"noreferrer noopener\" href=\"https:\/\/repod.icm.edu.pl\/dataverse\/sripas\" target=\"_blank\">https:\/\/repod.icm.edu.pl\/dataverse\/sripas<\/a>&nbsp;<\/li>\n\n\n\n<li>Uniwersytet \u015al\u0105ski w Katowicach, <a rel=\"noreferrer noopener\" href=\"https:\/\/repod.icm.edu.pl\/dataverse\/us\" target=\"_blank\">https:\/\/repod.icm.edu.pl\/dataverse\/us<\/a>&nbsp;<\/li>\n\n\n\n<li>Pa\u0144stwowy Instytut Weterynaryjny \u2013 PIB, <a href=\"https:\/\/repod.icm.edu.pl\/dataverse\/piwet\">https:\/\/repod.icm.edu.pl\/dataverse\/piwet<\/a><\/li>\n\n\n\n<li>Mi\u0119dzynarodowy Instytut Biologii Molekularnej i Kom\u00f3rkowej, <a href=\"https:\/\/repod.icm.edu.pl\/dataverse\/iimcb\">https:\/\/repod.icm.edu.pl\/dataverse\/iimcb<\/a><\/li>\n\n\n\n<li>Instytut Chemii Organicznej Polskiej Akademii Nauk, <a href=\"https:\/\/repod.icm.edu.pl\/dataverse\/icho\" target=\"_blank\" rel=\"noreferrer noopener\">https:\/\/repod.icm.edu.pl\/dataverse\/icho<\/a><\/li>\n\n\n\n<li>Uniwersytet Przyrodniczy w Lublinie, <a href=\"https:\/\/repod.icm.edu.pl\/dataverse\/UPL\" target=\"_blank\" rel=\"noreferrer noopener\">https:\/\/repod.icm.edu.pl\/dataverse\/UPL<\/a> <\/li>\n\n\n\n<li>Uniwersytet Gda\u0144ski, <a href=\"https:\/\/repod.icm.edu.pl\/dataverse\/ug\" target=\"_blank\" rel=\"noreferrer noopener\">https:\/\/repod.icm.edu.pl\/dataverse\/ug<\/a><\/li>\n\n\n\n<li>Instytut Filozofii i Socjologii Polskiej Akademii Nauk, <a href=\"https:\/\/repod.icm.edu.pl\/dataverse\/ifis\" target=\"_blank\" rel=\"noreferrer noopener\">https:\/\/repod.icm.edu.pl\/dataverse\/ifis<\/a> <\/li>\n\n\n\n<li>Uniwersytet Kazimierza Wielkiego w Bydgoszczy, <a href=\"https:\/\/repod.icm.edu.pl\/dataverse\/ukw\" target=\"_blank\" rel=\"noreferrer noopener\">https:\/\/repod.icm.edu.pl\/dataverse\/ukw<\/a> <\/li>\n\n\n\n<li>Instytut Slawistyki Polskiej Akademii Nauk, <a href=\"https:\/\/repod.icm.edu.pl\/dataverse\/ispan\" target=\"_blank\" rel=\"noreferrer noopener\">https:\/\/repod.icm.edu.pl\/dataverse\/ispan<\/a> <\/li>\n\n\n\n<li>Uniwersytet Zielonog\u00f3rski, <a href=\"https:\/\/repod.icm.edu.pl\/dataverse\/uz\" target=\"_blank\" rel=\"noreferrer noopener\">https:\/\/repod.icm.edu.pl\/dataverse\/uz<\/a> <\/li>\n\n\n\n<li>Instytut Wysokich Ci\u015bnie\u0144 Polskiej Akademii Nauk, <a href=\"https:\/\/repod.icm.edu.pl\/dataverse\/unipress\" target=\"_blank\" rel=\"noreferrer noopener\">https:\/\/repod.icm.edu.pl\/dataverse\/unipress<\/a> <\/li>\n\n\n\n<li>Szko\u0142a G\u0142\u00f3wna Gospodarstwa Wiejskiego, <a href=\"https:\/\/repod.icm.edu.pl\/dataverse\/sggw\" target=\"_blank\" rel=\"noreferrer noopener\">https:\/\/repod.icm.edu.pl\/dataverse\/sggw<\/a> <\/li>\n\n\n\n<li>Instytut Katalizy i Fizykochemii Powierzchni im. Jerzego Habera Polskiej Akademii Nauk, <a href=\"https:\/\/repod.icm.edu.pl\/dataverse\/ikifp\" target=\"_blank\" rel=\"noreferrer noopener\">https:\/\/repod.icm.edu.pl\/dataverse\/ikifp<\/a>  <\/li>\n\n\n\n<li>Akademia Leona Ko\u017ami\u0144skiego, <a href=\"https:\/\/repod.icm.edu.pl\/dataverse\/alk\" target=\"_blank\" rel=\"noreferrer noopener\">https:\/\/repod.icm.edu.pl\/dataverse\/alk<\/a><\/li>\n\n\n\n<li>Akademia Policji w Szczytnie, <a href=\"https:\/\/repod.icm.edu.pl\/dataverse\/apwsz\" target=\"_blank\" rel=\"noreferrer noopener\">https:\/\/repod.icm.edu.pl\/dataverse\/apwsz<\/a><\/li>\n\n\n\n<li>Uniwersytet Ekonomiczny w Poznaniu, <a href=\"https:\/\/repod.icm.edu.pl\/dataverse\/uep\" target=\"_blank\" rel=\"noreferrer noopener\">https:\/\/repod.icm.edu.pl\/dataverse\/uep<\/a>          <\/li>\n\n\n\n<li>Uniwersytet w Siedlcach, <a href=\"https:\/\/repod.icm.edu.pl\/dataverse\/uws\" target=\"_blank\" rel=\"noreferrer noopener\">https:\/\/repod.icm.edu.pl\/dataverse\/uws<\/a><\/li>\n\n\n\n<li>Instytut Paleobiologii Polskiej Akademii Nauk, <a href=\"https:\/\/repod.icm.edu.pl\/dataverse\/ippan\" target=\"_blank\" rel=\"noreferrer noopener\">https:\/\/repod.icm.edu.pl\/dataverse\/ippan<\/a><\/li>\n\n\n\n<li>Akademia Wychowania Fizycznego w Poznaniu, <a href=\"https:\/\/repod.icm.edu.pl\/dataverse\/awfpoznan\">https:\/\/repod.icm.edu.pl\/dataverse\/awfpoznan<\/a>   <\/li>\n\n\n\n<li>Instytut Medycyny Do\u015bwiadczalnej i Klinicznej im. Miros\u0142awa Mossakowskiego Polskiej Akademii Nauk, <a href=\"https:\/\/repod.icm.edu.pl\/dataverse\/mmripas\" target=\"_blank\" rel=\"noreferrer noopener\">https:\/\/repod.icm.edu.pl\/dataverse\/mmripas<\/a><\/li>\n\n\n\n<li>Akademia Wychowania Fizycznego w Warszawie, <a href=\"https:\/\/repod.icm.edu.pl\/dataverse\/awfwarszawa\" target=\"_blank\" rel=\"noreferrer noopener\">https:\/\/repod.icm.edu.pl\/dataverse\/awfwarszawa<\/a><\/li>\n\n\n\n<li>Akademia Wychowania Fizycznego im. Polskich Olimpijczyk\u00f3w we Wroc\u0142awiu, <a href=\"https:\/\/repod.icm.edu.pl\/dataverse\/awfwroclaw\" target=\"_blank\" rel=\"noreferrer noopener\">https:\/\/repod.icm.edu.pl\/dataverse\/awfwroclaw<\/a><\/li>\n\n\n\n<li>Politechnika Bydgoska im. Jana i J\u0119drzeja \u015aniadeckich, <a href=\"https:\/\/repod.icm.edu.pl\/dataverse\/pbs\" target=\"_blank\" rel=\"noreferrer noopener\">https:\/\/repod.icm.edu.pl\/dataverse\/pbs<\/a><\/li>\n\n\n\n<li>Politechnika Koszali\u0144ska, <a href=\"https:\/\/repod.icm.edu.pl\/dataverse\/tukoszalin\" target=\"_blank\" rel=\"noreferrer noopener\">https:\/\/repod.icm.edu.pl\/dataverse\/tukoszalin<\/a><\/li>\n\n\n\n<li>Interdyscyplinarne Centrum Modelowania Matematycznego i Komputerowego, Uniwersytet Warszawski, <a href=\"https:\/\/repod.icm.edu.pl\/dataverse\/icm-uw\" target=\"_blank\" rel=\"noreferrer noopener\">https:\/\/repod.icm.edu.pl\/dataverse\/icm-uw<\/a>      <\/li>\n\n\n\n<li>Akademia Ekonomiczno-Humanistyczna w Warszawie, <a href=\"https:\/\/repod.icm.edu.pl\/dataverse\/aeh\" target=\"_blank\" rel=\"noreferrer noopener\">https:\/\/repod.icm.edu.pl\/dataverse\/aeh<\/a><\/li>\n\n\n\n<li>Uniwersytet Marii Curie-Sk\u0142odowskiej w Lublinie, <a href=\"https:\/\/repod.icm.edu.pl\/dataverse\/umcs\" target=\"_blank\" rel=\"noreferrer noopener\">https:\/\/repod.icm.edu.pl\/dataverse\/umcs<\/a><\/li>\n\n\n\n<li>Uniwersytet Ekonomiczny w Katowicach, <a href=\"https:\/\/repod.icm.edu.pl\/dataverse\/uek\">https:\/\/repod.icm.edu.pl\/dataverse\/uek<\/a> <\/li>\n\n\n\n<li>Instytut Fizyki Polskiej Akademii Nauk, <a href=\"https:\/\/repod.icm.edu.pl\/dataverse\/ifpan\">https:\/\/repod.icm.edu.pl\/dataverse\/ifpan<\/a> <\/li>\n\n\n\n<li>Centrum Bada\u0144 Molekularnych i Makromolekularnych Polskiej Akademii Nauk w \u0141odzi, <a href=\"https:\/\/repod.icm.edu.pl\/dataverse\/cbmm\">https:\/\/repod.icm.edu.pl\/dataverse\/cbmm<\/a> <\/li>\n\n\n\n<li>Instytut Rozrodu Zwierz\u0105t i Bada\u0144 \u017bywno\u015bci Polskiej Akademii Nauk, <a href=\"https:\/\/repod.icm.edu.pl\/dataverse\/irzibz\">https:\/\/repod.icm.edu.pl\/dataverse\/irzibz<\/a><\/li>\n\n\n\n<li>Sie\u0107 Badawcza \u0141ukasiewicz \u2013 PORT Polski O\u015brodek Rozwoju Technologii, <a href=\"https:\/\/repod.icm.edu.pl\/dataverse\/lukport\">https:\/\/repod.icm.edu.pl\/dataverse\/lukport<\/a> <\/li>\n\n\n\n<li>Uniwersytet Papieski Jana Paw\u0142a II w Krakowie, <a href=\"https:\/\/repod.icm.edu.pl\/dataverse\/upjp2\">https:\/\/repod.icm.edu.pl\/dataverse\/upjp2<\/a> <\/li>\n\n\n\n<li>Uniwersytet Opolski, <a href=\"https:\/\/repod.icm.edu.pl\/dataverse\/uo\">https:\/\/repod.icm.edu.pl\/dataverse\/uo<\/a><\/li>\n\n\n\n<li>Akademia Wychowania Fizycznego im. Jerzego Kukuczki w Katowicach, <a href=\"https:\/\/repod.icm.edu.pl\/dataverse\/awfkatowice\">https:\/\/repod.icm.edu.pl\/dataverse\/awfkatowice<\/a><\/li>\n\n\n\n<li>Konsorcjum PROVIDE, <a href=\"https:\/\/repod.icm.edu.pl\/dataverse\/provide\">https:\/\/repod.icm.edu.pl\/dataverse\/provide<\/a> <\/li>\n\n\n\n<li>Instytut In\u017cynierii Chemicznej Polskiej Akademii Nauk, <a href=\"https:\/\/repod.icm.edu.pl\/dataverse\/iich\">https:\/\/repod.icm.edu.pl\/dataverse\/iich<\/a><\/li>\n\n\n\n<li>Uniwersytet Jana Kochanowskiego w Kielcach, <a href=\"https:\/\/repod.icm.edu.pl\/dataverse\/ujk\">https:\/\/repod.icm.edu.pl\/dataverse\/ujk<\/a><\/li>\n\n\n\n<li>Uniwersytet Bielsko-Bialski, <a href=\"https:\/\/repod.icm.edu.pl\/dataverse\/ubb\">https:\/\/repod.icm.edu.pl\/dataverse\/ubb<\/a><\/li>\n\n\n\n<li>Instytut Biologii Do\u015bwiadczalnej im. Marcelego Nenckiego, <a href=\"https:\/\/repod.icm.edu.pl\/dataverse\/nencki\">https:\/\/repod.icm.edu.pl\/dataverse\/nencki<\/a><\/li>\n\n\n\n<li>Uniwersytet Jana D\u0142ugosza w Cz\u0119stochowie, <a href=\"https:\/\/repod.icm.edu.pl\/dataverse\/ujd\">https:\/\/repod.icm.edu.pl\/dataverse\/ujd<\/a><\/li>\n\n\n\n<li>Instytut Biochemii i Biofizyki Polskiej Akademii Nauk, <a href=\"https:\/\/repod.icm.edu.pl\/dataverse\/ibb\">https:\/\/repod.icm.edu.pl\/dataverse\/ibb<\/a><\/li>\n\n\n\n<li>Instytut Podstawowych Problem\u00f3w Techniki Polskiej Akademii Nauk, <a href=\"https:\/\/repod.icm.edu.pl\/dataverse\/ippt\">https:\/\/repod.icm.edu.pl\/dataverse\/ippt<\/a><\/li>\n\n\n\n<li>Uniwersytet w Bia\u0142ymstoku, <a href=\"https:\/\/repod.icm.edu.pl\/dataverse\/uwb\">https:\/\/repod.icm.edu.pl\/dataverse\/uwb<\/a> <\/li>\n\n\n\n<li>Politechnika Cz\u0119stochowska, <a href=\"https:\/\/repod.icm.edu.pl\/dataverse\/pcz\">https:\/\/repod.icm.edu.pl\/dataverse\/pcz<\/a><\/li>\n\n\n\n<li>Instytut Systematyki i Ewolucji Zwierz\u0105t Polskiej Akademii Nauk, <a href=\"https:\/\/repod.icm.edu.pl\/dataverse\/isez\">https:\/\/repod.icm.edu.pl\/dataverse\/isez<\/a><\/li>\n\n\n\n<li>Uniwersytet Medyczny im. Karola Marcinkowskiego w Poznaniu, <a href=\"https:\/\/repod.icm.edu.pl\/dataverse\/ump\">https:\/\/repod.icm.edu.pl\/dataverse\/ump<\/a><\/li>\n\n\n\n<li>Politechnika \u015al\u0105ska, <a href=\"https:\/\/repod.icm.edu.pl\/dataverse\/sut\">https:\/\/repod.icm.edu.pl\/dataverse\/sut<\/a><\/li>\n\n\n\n<li>Politechnika Wroc\u0142awska, <a href=\"https:\/\/repod.icm.edu.pl\/dataverse\/pwr\">https:\/\/repod.icm.edu.pl\/dataverse\/pwr<\/a><\/li>\n\n\n\n<li>Chrze\u015bcija\u0144ska Akademia Teologiczna w Warszawie, <a href=\"https:\/\/repod.icm.edu.pl\/dataverse\/chat\">https:\/\/repod.icm.edu.pl\/dataverse\/chat<\/a><\/li>\n\n\n\n<li>Instytut \u0141\u0105czno\u015bci \u2013 Pa\u0144stwowy Instytut Badawczy, <a href=\"https:\/\/repod.icm.edu.pl\/dataverse\/il-pib\">https:\/\/repod.icm.edu.pl\/dataverse\/il-pib<\/a><\/li>\n\n\n\n<li>Instytut Fizjologii i \u017bywienia Zwierz\u0105t im. Jana Kielanowskiego Polskiej Akademii Nauk, <a href=\"https:\/\/repod.icm.edu.pl\/dataverse\/ifzz\">https:\/\/repod.icm.edu.pl\/dataverse\/ifzz<\/a><\/li>\n\n\n\n<li>Instytut Gospodarki Surowcami Mineralnymi i Energi\u0105 Polskiej Akademii Nauk, <a href=\"https:\/\/repod.icm.edu.pl\/dataverse\/minpan\">https:\/\/repod.icm.edu.pl\/dataverse\/minpan<\/a><\/li>\n<\/ol>\n\n\n\n<h2 class=\"wp-block-heading\"><strong>W jaki spos\u00f3b instytucje naukowe zarz\u0105dzaj\u0105 swoimi kolekcjami?<\/strong><\/h2>\n\n\n\n<p>Wi\u0119cej informacji na temat organizacji pracy mo\u017cna znale\u017a\u0107 w kwestionariuszach przygotowanych we wsp\u00f3\u0142pracy z osobami odpowiedzialnymi za prowadzenie kolekcji instytucjonalnych w Repozytorium Otwartych Danych.<\/p>\n\n\n\n<p><a href=\"https:\/\/repod.icm.edu.pl\/info\/wp-content\/uploads\/2022\/09\/UMK_kolekcja_kwestionariusz.pdf\" target=\"_blank\" rel=\"noreferrer noopener\">Pobierz kwestionariusz Uniwersytetu Miko\u0142aja Kopernika w Toruniu<\/a><\/p>\n\n\n\n<p><a rel=\"noreferrer noopener\" href=\"https:\/\/repod.icm.edu.pl\/info\/wp-content\/uploads\/2022\/09\/UPP_kwestionariusz_kolekcji.pdf\" data-type=\"URL\" target=\"_blank\">Pobierz kwestionariusz Uniwersytetu Przyrodniczego w Poznaniu<\/a><\/p>\n\n\n\n<p><a href=\"https:\/\/repod.icm.edu.pl\/info\/wp-content\/uploads\/2022\/09\/USz_kolekcja_kwestionariusz.pdf\" target=\"_blank\" rel=\"noreferrer noopener\">Pobierz kwestionariusz Uniwersytetu Szczeci\u0144skiego<\/a><\/p>\n","protected":false},"excerpt":{"rendered":"<p>Zapraszamy instytucje naukowe do tworzenia kolekcji w Repozytorium Otwartych Danych prowadzonym przez Interdyscyplinarne Centrum Modelowania Matematycznego i Komputerowego Uniwersytetu Warszawskiego (ICM UW). Rozwi\u0105zanie to umo\u017cliwia gromadzenie w jednym miejscu danych badawczych wytwarzanych w ramach bada\u0144 naukowych prowadzonych w danej instytucji oraz udost\u0119pnianie ich zgodnie ze \u015bwiatowymi standardami, mi\u0119dzy innymi zasadami FAIR. Instytucja sprawuje nadz\u00f3r merytoryczny &hellip; <\/p>\n<p class=\"link-more\"><a href=\"https:\/\/info.repod.icm.edu.pl\/?page_id=429\" class=\"more-link\">Czytaj dalej<span class=\"screen-reader-text\"> \u201eKolekcje instytucjonalne\u201d<\/span><\/a><\/p>\n","protected":false},"author":2,"featured_media":0,"parent":0,"menu_order":0,"comment_status":"closed","ping_status":"closed","template":"","meta":{"footnotes":""},"_links":{"self":[{"href":"https:\/\/info.repod.icm.edu.pl\/index.php?rest_route=\/wp\/v2\/pages\/429"}],"collection":[{"href":"https:\/\/info.repod.icm.edu.pl\/index.php?rest_route=\/wp\/v2\/pages"}],"about":[{"href":"https:\/\/info.repod.icm.edu.pl\/index.php?rest_route=\/wp\/v2\/types\/page"}],"author":[{"embeddable":true,"href":"https:\/\/info.repod.icm.edu.pl\/index.php?rest_route=\/wp\/v2\/users\/2"}],"replies":[{"embeddable":true,"href":"https:\/\/info.repod.icm.edu.pl\/index.php?rest_route=%2Fwp%2Fv2%2Fcomments&post=429"}],"version-history":[{"count":28,"href":"https:\/\/info.repod.icm.edu.pl\/index.php?rest_route=\/wp\/v2\/pages\/429\/revisions"}],"predecessor-version":[{"id":646,"href":"https:\/\/info.repod.icm.edu.pl\/index.php?rest_route=\/wp\/v2\/pages\/429\/revisions\/646"}],"wp:attachment":[{"href":"https:\/\/info.repod.icm.edu.pl\/index.php?rest_route=%2Fwp%2Fv2%2Fmedia&parent=429"}],"curies":[{"name":"wp","href":"https:\/\/api.w.org\/{rel}","templated":true}]}}